{"id":76765,"date":"2026-03-13T09:46:20","date_gmt":"2026-03-13T08:46:20","guid":{"rendered":"https:\/\/stocklots.tv\/produkt\/okrycie-na-nozki-spiworek-do-wozka-niebieski-54x39x16-cm-ocieplany\/"},"modified":"2026-04-10T11:13:30","modified_gmt":"2026-04-10T09:13:30","slug":"okrycie-na-nozki-spiworek-do-wozka-niebieski-54x39x16-cm-ocieplany","status":"publish","type":"product","link":"https:\/\/stocklots.tv\/en\/produkt\/okrycie-na-nozki-spiworek-do-wozka-niebieski-54x39x16-cm-ocieplany\/","title":{"rendered":"Okrycie na n\u00f3\u017cki \u015apiworek do w\u00f3zka Niebieski 54x39x16 cm Ocieplany"},"content":{"rendered":"<p><strong>Ocieplany \u015bpiworek do w\u00f3zka spacerowego 54x39x16 cm &#8211; niebieski<\/strong><br \/>\nWygodny, uniwersalny pokrowiec z mi\u0119kkim wype\u0142nieniem, chroni\u0105cy przed zimnem i wiatrem. Wyposa\u017cony w zamek, napy i rzepy zapewniaj\u0105ce stabilne mocowanie i \u0142atwe u\u017cytkowanie.<\/p>\n","protected":false},"excerpt":{"rendered":"<p>Ocieplany \u015bpiworek do w\u00f3zka spacerowego 54x39x16 cm &#8211; niebieski Wygodny, uniwersalny pokrowiec z mi\u0119kkim wype\u0142nieniem, chroni\u0105cy przed zimnem i wiatrem. Wyposa\u017cony w zamek, napy i rzepy zapewniaj\u0105ce stabilne mocowanie i \u0142atwe u\u017cytkowanie.<\/p>\n","protected":false},"featured_media":0,"comment_status":"open","ping_status":"closed","template":"","meta":{"content-type":"","_mo_disable_npp":"","_themeisle_gutenberg_block_has_review":false,"_kadence_starter_templates_imported_post":false,"_kad_post_transparent":"default","_kad_post_title":"","_kad_post_layout":"default","_kad_post_sidebar_id":"","_kad_post_content_style":"default","_kad_post_vertical_padding":"default","_kad_post_feature":"","_kad_post_feature_position":"","_kad_post_header":false,"_kad_post_footer":false,"_kad_post_classname":""},"product_brand":[],"product_cat":[27],"product_tag":[356],"class_list":{"0":"post-76765","1":"product","2":"type-product","3":"status-publish","5":"product_cat-artykuly-dla-dzieci","6":"product_tag-wrzucicnasklep","8":"first","9":"instock","10":"taxable","11":"shipping-taxable","12":"purchasable","13":"product-type-simple","14":"entry","15":"content-bg","16":"loop-entry"},"_links":{"self":[{"href":"https:\/\/stocklots.tv\/en\/wp-json\/wp\/v2\/product\/76765","targetHints":{"allow":["GET"]}}],"collection":[{"href":"https:\/\/stocklots.tv\/en\/wp-json\/wp\/v2\/product"}],"about":[{"href":"https:\/\/stocklots.tv\/en\/wp-json\/wp\/v2\/types\/product"}],"replies":[{"embeddable":true,"href":"https:\/\/stocklots.tv\/en\/wp-json\/wp\/v2\/comments?post=76765"}],"wp:attachment":[{"href":"https:\/\/stocklots.tv\/en\/wp-json\/wp\/v2\/media?parent=76765"}],"wp:term":[{"taxonomy":"product_brand","embeddable":true,"href":"https:\/\/stocklots.tv\/en\/wp-json\/wp\/v2\/product_brand?post=76765"},{"taxonomy":"product_cat","embeddable":true,"href":"https:\/\/stocklots.tv\/en\/wp-json\/wp\/v2\/product_cat?post=76765"},{"taxonomy":"product_tag","embeddable":true,"href":"https:\/\/stocklots.tv\/en\/wp-json\/wp\/v2\/product_tag?post=76765"}],"curies":[{"name":"wp","href":"https:\/\/api.w.org\/{rel}","templated":true}]}}