{"id":76757,"date":"2026-03-13T09:46:13","date_gmt":"2026-03-13T08:46:13","guid":{"rendered":"https:\/\/stocklots.tv\/produkt\/okrycie-na-nozki-spiworek-do-wozka-jasny-szary-54x39x16-cm-maawo\/"},"modified":"2026-04-07T17:01:05","modified_gmt":"2026-04-07T16:00:30","slug":"okrycie-na-nozki-spiworek-do-wozka-jasny-szary-54x39x16-cm-maawo","status":"publish","type":"product","link":"https:\/\/stocklots.tv\/en\/produkt\/okrycie-na-nozki-spiworek-do-wozka-jasny-szary-54x39x16-cm-maawo\/","title":{"rendered":"Okrycie na n\u00f3\u017cki \u015apiworek do w\u00f3zka Jasny Szary 54x39x16 cm Maawo"},"content":{"rendered":"<p><strong>Ocieplany \u015bpiworek do w\u00f3zka spacerowego Maawo 54x39x16 cm &#8211; jasnoszary<\/strong><br \/>Wygodny, uniwersalny pokrowiec z mi\u0119kkim wype\u0142nieniem, chroni\u0105cy przed zimnem i wiatrem. Wyposa\u017cony w zamek, napy i rzepy zapewniaj\u0105ce stabilne mocowanie i \u0142atwe u\u017cytkowanie.<\/p>\n","protected":false},"excerpt":{"rendered":"<p>Ocieplany \u015bpiworek do w\u00f3zka spacerowego Maawo 54x39x16 cm &#8211; jasnoszaryWygodny, uniwersalny pokrowiec z mi\u0119kkim wype\u0142nieniem, chroni\u0105cy przed zimnem i wiatrem. Wyposa\u017cony w zamek, napy i rzepy zapewniaj\u0105ce stabilne mocowanie i \u0142atwe u\u017cytkowanie.<\/p>\n","protected":false},"featured_media":82482,"comment_status":"open","ping_status":"closed","template":"","meta":{"content-type":"","_mo_disable_npp":"","_themeisle_gutenberg_block_has_review":false,"_kadence_starter_templates_imported_post":false,"_kad_post_transparent":"","_kad_post_title":"","_kad_post_layout":"","_kad_post_sidebar_id":"","_kad_post_content_style":"","_kad_post_vertical_padding":"","_kad_post_feature":"","_kad_post_feature_position":"","_kad_post_header":false,"_kad_post_footer":false,"_kad_post_classname":""},"product_brand":[],"product_cat":[27],"product_tag":[356],"class_list":{"0":"post-76757","1":"product","2":"type-product","3":"status-publish","4":"has-post-thumbnail","6":"product_cat-artykuly-dla-dzieci","7":"product_tag-wrzucicnasklep","9":"first","10":"instock","11":"taxable","12":"shipping-taxable","13":"purchasable","14":"product-type-simple","15":"entry","16":"content-bg","17":"loop-entry"},"_links":{"self":[{"href":"https:\/\/stocklots.tv\/en\/wp-json\/wp\/v2\/product\/76757","targetHints":{"allow":["GET"]}}],"collection":[{"href":"https:\/\/stocklots.tv\/en\/wp-json\/wp\/v2\/product"}],"about":[{"href":"https:\/\/stocklots.tv\/en\/wp-json\/wp\/v2\/types\/product"}],"replies":[{"embeddable":true,"href":"https:\/\/stocklots.tv\/en\/wp-json\/wp\/v2\/comments?post=76757"}],"wp:featuredmedia":[{"embeddable":true,"href":"https:\/\/stocklots.tv\/en\/wp-json\/wp\/v2\/media\/82482"}],"wp:attachment":[{"href":"https:\/\/stocklots.tv\/en\/wp-json\/wp\/v2\/media?parent=76757"}],"wp:term":[{"taxonomy":"product_brand","embeddable":true,"href":"https:\/\/stocklots.tv\/en\/wp-json\/wp\/v2\/product_brand?post=76757"},{"taxonomy":"product_cat","embeddable":true,"href":"https:\/\/stocklots.tv\/en\/wp-json\/wp\/v2\/product_cat?post=76757"},{"taxonomy":"product_tag","embeddable":true,"href":"https:\/\/stocklots.tv\/en\/wp-json\/wp\/v2\/product_tag?post=76757"}],"curies":[{"name":"wp","href":"https:\/\/api.w.org\/{rel}","templated":true}]}}