{"id":76723,"date":"2026-03-13T09:45:45","date_gmt":"2026-03-13T08:45:45","guid":{"rendered":"https:\/\/stocklots.tv\/produkt\/okrycie-na-nozki-spiworek-do-wozka-jasno-szary-53x36x16-cm-ocieplany\/"},"modified":"2026-04-13T17:25:26","modified_gmt":"2026-04-13T15:25:26","slug":"okrycie-na-nozki-spiworek-do-wozka-jasno-szary-53x36x16-cm-ocieplany","status":"publish","type":"product","link":"https:\/\/stocklots.tv\/en\/produkt\/okrycie-na-nozki-spiworek-do-wozka-jasno-szary-53x36x16-cm-ocieplany\/","title":{"rendered":"Okrycie na n\u00f3\u017cki \u015apiworek do w\u00f3zka Jasno szary 53x36x16 cm Ocieplany"},"content":{"rendered":"<p><strong>Ocieplany \u015bpiworek do w\u00f3zka spacerowego w kolorze jasnoszarym<\/strong><br \/>\nWygodny i lekki pokrowiec (53x36x16 cm) z zamkiem na ca\u0142ej d\u0142ugo\u015bci i przypi\u0119ciem na rzepy, chroni\u0105cy n\u00f3\u017cki dziecka przed wiatrem i ch\u0142odem. Uniwersalny, \u0142atwy w czyszczeniu model pasuj\u0105cy do wi\u0119kszo\u015bci w\u00f3zk\u00f3w.<\/p>\n","protected":false},"excerpt":{"rendered":"<p>Ocieplany \u015bpiworek do w\u00f3zka spacerowego w kolorze jasnoszarym Wygodny i lekki pokrowiec (53x36x16 cm) z zamkiem na ca\u0142ej d\u0142ugo\u015bci i przypi\u0119ciem na rzepy, chroni\u0105cy n\u00f3\u017cki dziecka przed wiatrem i ch\u0142odem. Uniwersalny, \u0142atwy w czyszczeniu model pasuj\u0105cy do wi\u0119kszo\u015bci w\u00f3zk\u00f3w.<\/p>\n","protected":false},"featured_media":82851,"comment_status":"open","ping_status":"closed","template":"","meta":{"content-type":"","_mo_disable_npp":"","_themeisle_gutenberg_block_has_review":false,"_kadence_starter_templates_imported_post":false,"_kad_post_transparent":"default","_kad_post_title":"","_kad_post_layout":"default","_kad_post_sidebar_id":"","_kad_post_content_style":"default","_kad_post_vertical_padding":"default","_kad_post_feature":"","_kad_post_feature_position":"","_kad_post_header":false,"_kad_post_footer":false,"_kad_post_classname":""},"product_brand":[],"product_cat":[27],"product_tag":[356],"class_list":{"0":"post-76723","1":"product","2":"type-product","3":"status-publish","4":"has-post-thumbnail","6":"product_cat-artykuly-dla-dzieci","7":"product_tag-wrzucicnasklep","9":"first","10":"instock","11":"taxable","12":"shipping-taxable","13":"purchasable","14":"product-type-simple","15":"entry","16":"content-bg","17":"loop-entry"},"_links":{"self":[{"href":"https:\/\/stocklots.tv\/en\/wp-json\/wp\/v2\/product\/76723","targetHints":{"allow":["GET"]}}],"collection":[{"href":"https:\/\/stocklots.tv\/en\/wp-json\/wp\/v2\/product"}],"about":[{"href":"https:\/\/stocklots.tv\/en\/wp-json\/wp\/v2\/types\/product"}],"replies":[{"embeddable":true,"href":"https:\/\/stocklots.tv\/en\/wp-json\/wp\/v2\/comments?post=76723"}],"wp:featuredmedia":[{"embeddable":true,"href":"https:\/\/stocklots.tv\/en\/wp-json\/wp\/v2\/media\/82851"}],"wp:attachment":[{"href":"https:\/\/stocklots.tv\/en\/wp-json\/wp\/v2\/media?parent=76723"}],"wp:term":[{"taxonomy":"product_brand","embeddable":true,"href":"https:\/\/stocklots.tv\/en\/wp-json\/wp\/v2\/product_brand?post=76723"},{"taxonomy":"product_cat","embeddable":true,"href":"https:\/\/stocklots.tv\/en\/wp-json\/wp\/v2\/product_cat?post=76723"},{"taxonomy":"product_tag","embeddable":true,"href":"https:\/\/stocklots.tv\/en\/wp-json\/wp\/v2\/product_tag?post=76723"}],"curies":[{"name":"wp","href":"https:\/\/api.w.org\/{rel}","templated":true}]}}