{"id":76679,"date":"2026-03-13T09:45:08","date_gmt":"2026-03-13T08:45:08","guid":{"rendered":"https:\/\/stocklots.tv\/produkt\/namiot-dla-dzieci-do-zabawy-dzungla-mata-edukacyjna-2w1-zabawki-poduszka\/"},"modified":"2026-04-07T17:02:03","modified_gmt":"2026-04-07T16:01:28","slug":"namiot-dla-dzieci-do-zabawy-dzungla-mata-edukacyjna-2w1-zabawki-poduszka","status":"publish","type":"product","link":"https:\/\/stocklots.tv\/en\/produkt\/namiot-dla-dzieci-do-zabawy-dzungla-mata-edukacyjna-2w1-zabawki-poduszka\/","title":{"rendered":"Namiot dla dzieci do zabawy D\u017cungla Mata edukacyjna 2w1 + ZABAWKI + PODUSZKA"},"content":{"rendered":"<p><strong>Mata edukacyjna z namiotem 2w1 w motywie D\u017cungli<\/strong><br \/>Interaktywny zestaw dla niemowl\u0105t wspieraj\u0105cy rozw\u00f3j motoryczny i sensoryczny. Zawiera mi\u0119kk\u0105 mat\u0119, os\u0142aniaj\u0105cy \u017cagiel, zabawki aktywizuj\u0105ce, bezpieczne lusterko, pi\u0142eczki oraz graj\u0105c\u0105 pozytywk\u0119.<\/p>\n","protected":false},"excerpt":{"rendered":"<p>Mata edukacyjna z namiotem 2w1 w motywie D\u017cungliInteraktywny zestaw dla niemowl\u0105t wspieraj\u0105cy rozw\u00f3j motoryczny i sensoryczny. Zawiera mi\u0119kk\u0105 mat\u0119, os\u0142aniaj\u0105cy \u017cagiel, zabawki aktywizuj\u0105ce, bezpieczne lusterko, pi\u0142eczki oraz graj\u0105c\u0105 pozytywk\u0119.<\/p>\n","protected":false},"featured_media":82540,"comment_status":"open","ping_status":"closed","template":"","meta":{"content-type":"","_mo_disable_npp":"","_themeisle_gutenberg_block_has_review":false,"_kadence_starter_templates_imported_post":false,"_kad_post_transparent":"","_kad_post_title":"","_kad_post_layout":"","_kad_post_sidebar_id":"","_kad_post_content_style":"","_kad_post_vertical_padding":"","_kad_post_feature":"","_kad_post_feature_position":"","_kad_post_header":false,"_kad_post_footer":false,"_kad_post_classname":""},"product_brand":[],"product_cat":[204],"product_tag":[356],"class_list":{"0":"post-76679","1":"product","2":"type-product","3":"status-publish","4":"has-post-thumbnail","6":"product_cat-zabawki","7":"product_tag-wrzucicnasklep","9":"first","10":"instock","11":"taxable","12":"shipping-taxable","13":"purchasable","14":"product-type-simple","15":"entry","16":"content-bg","17":"loop-entry"},"_links":{"self":[{"href":"https:\/\/stocklots.tv\/en\/wp-json\/wp\/v2\/product\/76679","targetHints":{"allow":["GET"]}}],"collection":[{"href":"https:\/\/stocklots.tv\/en\/wp-json\/wp\/v2\/product"}],"about":[{"href":"https:\/\/stocklots.tv\/en\/wp-json\/wp\/v2\/types\/product"}],"replies":[{"embeddable":true,"href":"https:\/\/stocklots.tv\/en\/wp-json\/wp\/v2\/comments?post=76679"}],"wp:featuredmedia":[{"embeddable":true,"href":"https:\/\/stocklots.tv\/en\/wp-json\/wp\/v2\/media\/82540"}],"wp:attachment":[{"href":"https:\/\/stocklots.tv\/en\/wp-json\/wp\/v2\/media?parent=76679"}],"wp:term":[{"taxonomy":"product_brand","embeddable":true,"href":"https:\/\/stocklots.tv\/en\/wp-json\/wp\/v2\/product_brand?post=76679"},{"taxonomy":"product_cat","embeddable":true,"href":"https:\/\/stocklots.tv\/en\/wp-json\/wp\/v2\/product_cat?post=76679"},{"taxonomy":"product_tag","embeddable":true,"href":"https:\/\/stocklots.tv\/en\/wp-json\/wp\/v2\/product_tag?post=76679"}],"curies":[{"name":"wp","href":"https:\/\/api.w.org\/{rel}","templated":true}]}}