{"id":76587,"date":"2026-03-13T09:44:00","date_gmt":"2026-03-13T08:44:00","guid":{"rendered":"https:\/\/stocklots.tv\/produkt\/ksiazeczka-sensoryczna-kapielowa-edukacyjna-piszczaca-do-wody-konik-wodny\/"},"modified":"2026-04-10T11:14:12","modified_gmt":"2026-04-10T09:14:12","slug":"ksiazeczka-sensoryczna-kapielowa-edukacyjna-piszczaca-do-wody-konik-wodny","status":"publish","type":"product","link":"https:\/\/stocklots.tv\/en\/produkt\/ksiazeczka-sensoryczna-kapielowa-edukacyjna-piszczaca-do-wody-konik-wodny\/","title":{"rendered":"Ksi\u0105\u017ceczka sensoryczna k\u0105pielowa edukacyjna piszcz\u0105ca do wody Konik Wodny"},"content":{"rendered":"<p><strong>Wodoodporna ksi\u0105\u017ceczka k\u0105pielowa z piszczkiem Speedy Seahorse<\/strong><br \/>\nMi\u0119kka, elastyczna ksi\u0105\u017ceczka wprowadzaj\u0105ca niemowl\u0119ta w barwny \u015bwiat rafy koralowej i angielskich s\u0142\u00f3wek. Bezpieczna konstrukcja i wbudowany piszczek gwarantuj\u0105 anga\u017cuj\u0105c\u0105 i weso\u0142\u0105 zabaw\u0119 w wodzie.<\/p>\n","protected":false},"excerpt":{"rendered":"<p>Wodoodporna ksi\u0105\u017ceczka k\u0105pielowa z piszczkiem Speedy Seahorse Mi\u0119kka, elastyczna ksi\u0105\u017ceczka wprowadzaj\u0105ca niemowl\u0119ta w barwny \u015bwiat rafy koralowej i angielskich s\u0142\u00f3wek. Bezpieczna konstrukcja i wbudowany piszczek gwarantuj\u0105 anga\u017cuj\u0105c\u0105 i weso\u0142\u0105 zabaw\u0119 w wodzie.<\/p>\n","protected":false},"featured_media":82855,"comment_status":"open","ping_status":"closed","template":"","meta":{"content-type":"","_mo_disable_npp":"","_themeisle_gutenberg_block_has_review":false,"_kadence_starter_templates_imported_post":false,"_kad_post_transparent":"default","_kad_post_title":"","_kad_post_layout":"default","_kad_post_sidebar_id":"","_kad_post_content_style":"default","_kad_post_vertical_padding":"default","_kad_post_feature":"","_kad_post_feature_position":"","_kad_post_header":false,"_kad_post_footer":false,"_kad_post_classname":""},"product_brand":[],"product_cat":[204],"product_tag":[356],"class_list":{"0":"post-76587","1":"product","2":"type-product","3":"status-publish","4":"has-post-thumbnail","6":"product_cat-zabawki","7":"product_tag-wrzucicnasklep","9":"first","10":"instock","11":"taxable","12":"shipping-taxable","13":"purchasable","14":"product-type-simple","15":"entry","16":"content-bg","17":"loop-entry"},"_links":{"self":[{"href":"https:\/\/stocklots.tv\/en\/wp-json\/wp\/v2\/product\/76587","targetHints":{"allow":["GET"]}}],"collection":[{"href":"https:\/\/stocklots.tv\/en\/wp-json\/wp\/v2\/product"}],"about":[{"href":"https:\/\/stocklots.tv\/en\/wp-json\/wp\/v2\/types\/product"}],"replies":[{"embeddable":true,"href":"https:\/\/stocklots.tv\/en\/wp-json\/wp\/v2\/comments?post=76587"}],"wp:featuredmedia":[{"embeddable":true,"href":"https:\/\/stocklots.tv\/en\/wp-json\/wp\/v2\/media\/82855"}],"wp:attachment":[{"href":"https:\/\/stocklots.tv\/en\/wp-json\/wp\/v2\/media?parent=76587"}],"wp:term":[{"taxonomy":"product_brand","embeddable":true,"href":"https:\/\/stocklots.tv\/en\/wp-json\/wp\/v2\/product_brand?post=76587"},{"taxonomy":"product_cat","embeddable":true,"href":"https:\/\/stocklots.tv\/en\/wp-json\/wp\/v2\/product_cat?post=76587"},{"taxonomy":"product_tag","embeddable":true,"href":"https:\/\/stocklots.tv\/en\/wp-json\/wp\/v2\/product_tag?post=76587"}],"curies":[{"name":"wp","href":"https:\/\/api.w.org\/{rel}","templated":true}]}}