{"id":13056,"date":"2024-05-17T08:28:27","date_gmt":"2024-05-17T08:28:27","guid":{"rendered":"https:\/\/stocklots.tv\/?page_id=13056"},"modified":"2024-05-28T07:02:26","modified_gmt":"2024-05-28T07:02:26","slug":"we-help","status":"publish","type":"page","link":"https:\/\/stocklots.tv\/en\/we-help\/","title":{"rendered":"We help"},"content":{"rendered":"\n<div style=\"height:53px\" aria-hidden=\"true\" class=\"wp-block-spacer\"><\/div>\n\n\n<div class=\"wp-block-image\">\n<figure class=\"aligncenter size-full is-resized\"><img decoding=\"async\" width=\"400\" height=\"396\" src=\"https:\/\/stocklots.tv\/wp-content\/uploads\/2024\/05\/wehelp-icon-400.png\" alt=\"\" class=\"wp-image-13066\" style=\"width:281px;height:auto\" srcset=\"https:\/\/stocklots.tv\/wp-content\/uploads\/2024\/05\/wehelp-icon-400.png 400w, https:\/\/stocklots.tv\/wp-content\/uploads\/2024\/05\/wehelp-icon-400-300x297.png 300w, https:\/\/stocklots.tv\/wp-content\/uploads\/2024\/05\/wehelp-icon-400-150x150.png 150w, https:\/\/stocklots.tv\/wp-content\/uploads\/2024\/05\/wehelp-icon-400-100x100.png 100w\" sizes=\"(max-width: 400px) 100vw, 400px\" \/><\/figure>\n<\/div>\n\n\n<p class=\"has-text-align-center has-large-font-size\"><strong>We combine business with a social mission &#8211; we help because we can<\/strong><\/p>\n\n\n\n<p>At STOCKLOTS, we believe that every company, regardless of its size, has the power to make a positive difference. That is why we have been actively supporting various foundations, charities and educational institutions, both locally and internationally, for years. Our outreach extends far beyond the borders of our country, even reaching kindergarten in Africa.<\/p>\n\n\n\n<p><strong>We are attracted to help &#8211; we work in many ways<\/strong><\/p>\n\n\n\n<p>Our charitable activities are always geared towards bringing real benefit to those who need it most. For years, we have been working with various foundations and individuals who are actively involved in helping others. Our assistance is not limited to funding &#8211; in addition to regular donations, we donate numerous parcels of goods to various organisations and establishments, join forces by organising Santa Claus events for children, and our employees are involved in charity auctions and missions.<\/p>\n\n\n\n<p><strong>Local and global initiatives<\/strong><\/p>\n\n\n\n<p>STOCKLOTS is more than a company &#8211; it is a team of people who want to make a difference. From supporting local kindergartens to even initiatives to support children in Africa, we treat every project with equal care and commitment. We believe that education is the key to a better future, which is why we focus our efforts on supporting this very sphere.<\/p>\n\n\n\n<p class=\"has-text-align-center has-large-font-size\"><strong>It motivates us every day<\/strong><\/p>\n\n\n\n<p>In business, there is no time for a break. The daily duties, the huge amount of \u2018things to do\u2019 fill most of our day. Fortunately, we have a beautiful view not only outside the window, we also have it on the walls \ud83d\ude42 See how nice it is to support!<\/p>\n\n\n\n<p>We support, among others, SIEPOMAGA Foundation, S\u0141ONECZNA NADZIEJA FOUNDATION, WSP\u00d3LNA NADZIEJA FOUNDATION, LAMBRE FOUNDATION, EVA FOUNDATION, TRZEBA MARZY\u0106 FOUNDATION, TRAUGUTT, SOSW w Toruniu, Przedszkole Promyczek, #czadowyekonom and other actions organised by volunteers, e.g. TSO GORY\u0143.<\/p>\n\n\n<style>.wp-block-kadence-advancedgallery .kb-gallery-type-masonry.kb-gallery-id-13056_4fe98b-4f{margin:-5px;}.kb-gallery-type-masonry.kb-gallery-id-13056_4fe98b-4f .kadence-blocks-gallery-item{padding:5px;}.kb-gallery-id-13056_4fe98b-4f .kadence-blocks-gallery-item .kb-gal-image-radius, .kb-gallery-id-13056_4fe98b-4f .kb-slide-item .kb-gal-image-radius img{border-radius:0px 0px 0px 0px;;}<\/style><div class=\"kb-gallery-wrap-id-13056_4fe98b-4f alignnone wp-block-kadence-advancedgallery\"><ul class=\"kb-gallery-ul kb-gallery-non-static kb-gallery-type-masonry kb-masonry-init kb-gallery-id-13056_4fe98b-4f kb-gallery-caption-style-bottom-hover kb-gallery-filter-none\" data-image-filter=\"none\" data-item-selector=\".kadence-blocks-gallery-item\" data-lightbox-caption=\"true\" data-columns-xxl=\"4\" data-columns-xl=\"4\" data-columns-md=\"4\" data-columns-sm=\"4\" data-columns-xs=\"3\" data-columns-ss=\"2\"><li class=\"kadence-blocks-gallery-item\" tabindex=\"0\"><div class=\"kadence-blocks-gallery-item-inner\"><figure class=\"kb-gallery-figure kadence-blocks-gallery-item-hide-caption\"><div class=\"kb-gal-image-radius\" style=\"max-width:671px;\"><div class=\"kb-gallery-image-contain kadence-blocks-gallery-intrinsic\" style=\"padding-bottom:139%;\"><img decoding=\"async\" src=\"https:\/\/stocklots.tv\/wp-content\/uploads\/2024\/05\/wspolnanadzieja.jpg\" width=\"671\" height=\"935\" alt=\"\" data-full-image=\"https:\/\/stocklots.tv\/wp-content\/uploads\/2024\/05\/wspolnanadzieja.jpg\" data-light-image=\"https:\/\/stocklots.tv\/wp-content\/uploads\/2024\/05\/wspolnanadzieja.jpg\" data-id=\"13082\" class=\"wp-image-13082\" srcset=\"https:\/\/stocklots.tv\/wp-content\/uploads\/2024\/05\/wspolnanadzieja.jpg 671w, https:\/\/stocklots.tv\/wp-content\/uploads\/2024\/05\/wspolnanadzieja-215x300.jpg 215w\" sizes=\"(max-width: 671px) 100vw, 671px\" \/><\/div><\/div><\/figure><\/div><\/li><li class=\"kadence-blocks-gallery-item\" tabindex=\"0\"><div class=\"kadence-blocks-gallery-item-inner\"><figure class=\"kb-gallery-figure kadence-blocks-gallery-item-hide-caption\"><div class=\"kb-gal-image-radius\" style=\"max-width:599px;\"><div class=\"kb-gallery-image-contain kadence-blocks-gallery-intrinsic\" style=\"padding-bottom:104%;\"><img decoding=\"async\" src=\"https:\/\/stocklots.tv\/wp-content\/uploads\/2024\/05\/IMG_20240516_124300530.jpg\" width=\"599\" height=\"627\" alt=\"\" data-full-image=\"https:\/\/stocklots.tv\/wp-content\/uploads\/2024\/05\/IMG_20240516_124300530.jpg\" data-light-image=\"https:\/\/stocklots.tv\/wp-content\/uploads\/2024\/05\/IMG_20240516_124300530.jpg\" data-id=\"13085\" class=\"wp-image-13085\" srcset=\"https:\/\/stocklots.tv\/wp-content\/uploads\/2024\/05\/IMG_20240516_124300530.jpg 599w, https:\/\/stocklots.tv\/wp-content\/uploads\/2024\/05\/IMG_20240516_124300530-287x300.jpg 287w\" sizes=\"(max-width: 599px) 100vw, 599px\" \/><\/div><\/div><\/figure><\/div><\/li><li class=\"kadence-blocks-gallery-item\" tabindex=\"0\"><div class=\"kadence-blocks-gallery-item-inner\"><figure class=\"kb-gallery-figure kadence-blocks-gallery-item-hide-caption\"><div class=\"kb-gal-image-radius\" style=\"max-width:599px;\"><div class=\"kb-gallery-image-contain kadence-blocks-gallery-intrinsic\" style=\"padding-bottom:92%;\"><img decoding=\"async\" src=\"https:\/\/stocklots.tv\/wp-content\/uploads\/2024\/05\/IMG_20240516_124503955.jpg\" width=\"599\" height=\"556\" alt=\"\" data-full-image=\"https:\/\/stocklots.tv\/wp-content\/uploads\/2024\/05\/IMG_20240516_124503955.jpg\" data-light-image=\"https:\/\/stocklots.tv\/wp-content\/uploads\/2024\/05\/IMG_20240516_124503955.jpg\" data-id=\"13084\" class=\"wp-image-13084\" srcset=\"https:\/\/stocklots.tv\/wp-content\/uploads\/2024\/05\/IMG_20240516_124503955.jpg 599w, https:\/\/stocklots.tv\/wp-content\/uploads\/2024\/05\/IMG_20240516_124503955-300x278.jpg 300w\" sizes=\"(max-width: 599px) 100vw, 599px\" \/><\/div><\/div><\/figure><\/div><\/li><li class=\"kadence-blocks-gallery-item\" tabindex=\"0\"><div class=\"kadence-blocks-gallery-item-inner\"><figure class=\"kb-gallery-figure kadence-blocks-gallery-item-hide-caption\"><div class=\"kb-gal-image-radius\" style=\"max-width:565px;\"><div class=\"kb-gallery-image-contain kadence-blocks-gallery-intrinsic\" style=\"padding-bottom:141%;\"><img decoding=\"async\" src=\"https:\/\/stocklots.tv\/wp-content\/uploads\/2024\/05\/siepomaga.jpg\" width=\"565\" height=\"798\" alt=\"\" data-full-image=\"https:\/\/stocklots.tv\/wp-content\/uploads\/2024\/05\/siepomaga.jpg\" data-light-image=\"https:\/\/stocklots.tv\/wp-content\/uploads\/2024\/05\/siepomaga.jpg\" data-id=\"13092\" class=\"wp-image-13092\" srcset=\"https:\/\/stocklots.tv\/wp-content\/uploads\/2024\/05\/siepomaga.jpg 565w, https:\/\/stocklots.tv\/wp-content\/uploads\/2024\/05\/siepomaga-212x300.jpg 212w\" sizes=\"(max-width: 565px) 100vw, 565px\" \/><\/div><\/div><\/figure><\/div><\/li><li class=\"kadence-blocks-gallery-item\" tabindex=\"0\"><div class=\"kadence-blocks-gallery-item-inner\"><figure class=\"kb-gallery-figure kadence-blocks-gallery-item-hide-caption\"><div class=\"kb-gal-image-radius\" style=\"max-width:599px;\"><div class=\"kb-gallery-image-contain kadence-blocks-gallery-intrinsic\" style=\"padding-bottom:133%;\"><img decoding=\"async\" src=\"https:\/\/stocklots.tv\/wp-content\/uploads\/2024\/05\/IMG_20240516_123935203.jpg\" width=\"599\" height=\"800\" alt=\"\" data-full-image=\"https:\/\/stocklots.tv\/wp-content\/uploads\/2024\/05\/IMG_20240516_123935203.jpg\" data-light-image=\"https:\/\/stocklots.tv\/wp-content\/uploads\/2024\/05\/IMG_20240516_123935203.jpg\" data-id=\"13039\" class=\"wp-image-13039\" srcset=\"https:\/\/stocklots.tv\/wp-content\/uploads\/2024\/05\/IMG_20240516_123935203.jpg 599w, https:\/\/stocklots.tv\/wp-content\/uploads\/2024\/05\/IMG_20240516_123935203-225x300.jpg 225w\" sizes=\"(max-width: 599px) 100vw, 599px\" \/><\/div><\/div><\/figure><\/div><\/li><li class=\"kadence-blocks-gallery-item\" tabindex=\"0\"><div class=\"kadence-blocks-gallery-item-inner\"><figure class=\"kb-gallery-figure kadence-blocks-gallery-item-hide-caption\"><div class=\"kb-gal-image-radius\" style=\"max-width:599px;\"><div class=\"kb-gallery-image-contain kadence-blocks-gallery-intrinsic\" style=\"padding-bottom:133%;\"><img decoding=\"async\" src=\"https:\/\/stocklots.tv\/wp-content\/uploads\/2024\/05\/IMG_20240516_124129965.jpg\" width=\"599\" height=\"800\" alt=\"\" data-full-image=\"https:\/\/stocklots.tv\/wp-content\/uploads\/2024\/05\/IMG_20240516_124129965.jpg\" data-light-image=\"https:\/\/stocklots.tv\/wp-content\/uploads\/2024\/05\/IMG_20240516_124129965.jpg\" data-id=\"13040\" class=\"wp-image-13040\" srcset=\"https:\/\/stocklots.tv\/wp-content\/uploads\/2024\/05\/IMG_20240516_124129965.jpg 599w, https:\/\/stocklots.tv\/wp-content\/uploads\/2024\/05\/IMG_20240516_124129965-225x300.jpg 225w\" sizes=\"(max-width: 599px) 100vw, 599px\" \/><\/div><\/div><\/figure><\/div><\/li><li class=\"kadence-blocks-gallery-item\" tabindex=\"0\"><div class=\"kadence-blocks-gallery-item-inner\"><figure class=\"kb-gallery-figure kadence-blocks-gallery-item-hide-caption\"><div class=\"kb-gal-image-radius\" style=\"max-width:599px;\"><div class=\"kb-gallery-image-contain kadence-blocks-gallery-intrinsic\" style=\"padding-bottom:133%;\"><img decoding=\"async\" src=\"https:\/\/stocklots.tv\/wp-content\/uploads\/2024\/05\/IMG_20240516_124217535.jpg\" width=\"599\" height=\"800\" alt=\"\" data-full-image=\"https:\/\/stocklots.tv\/wp-content\/uploads\/2024\/05\/IMG_20240516_124217535.jpg\" data-light-image=\"https:\/\/stocklots.tv\/wp-content\/uploads\/2024\/05\/IMG_20240516_124217535.jpg\" data-id=\"13041\" class=\"wp-image-13041\" srcset=\"https:\/\/stocklots.tv\/wp-content\/uploads\/2024\/05\/IMG_20240516_124217535.jpg 599w, https:\/\/stocklots.tv\/wp-content\/uploads\/2024\/05\/IMG_20240516_124217535-225x300.jpg 225w\" sizes=\"(max-width: 599px) 100vw, 599px\" \/><\/div><\/div><\/figure><\/div><\/li><li class=\"kadence-blocks-gallery-item\" tabindex=\"0\"><div class=\"kadence-blocks-gallery-item-inner\"><figure class=\"kb-gallery-figure kadence-blocks-gallery-item-hide-caption\"><div class=\"kb-gal-image-radius\" style=\"max-width:599px;\"><div class=\"kb-gallery-image-contain kadence-blocks-gallery-intrinsic\" style=\"padding-bottom:133%;\"><img decoding=\"async\" src=\"https:\/\/stocklots.tv\/wp-content\/uploads\/2024\/05\/IMG_20240516_124330931.jpg\" width=\"599\" height=\"800\" alt=\"\" data-full-image=\"https:\/\/stocklots.tv\/wp-content\/uploads\/2024\/05\/IMG_20240516_124330931.jpg\" data-light-image=\"https:\/\/stocklots.tv\/wp-content\/uploads\/2024\/05\/IMG_20240516_124330931.jpg\" data-id=\"13043\" class=\"wp-image-13043\" srcset=\"https:\/\/stocklots.tv\/wp-content\/uploads\/2024\/05\/IMG_20240516_124330931.jpg 599w, https:\/\/stocklots.tv\/wp-content\/uploads\/2024\/05\/IMG_20240516_124330931-225x300.jpg 225w\" sizes=\"(max-width: 599px) 100vw, 599px\" \/><\/div><\/div><\/figure><\/div><\/li><li class=\"kadence-blocks-gallery-item\" tabindex=\"0\"><div class=\"kadence-blocks-gallery-item-inner\"><figure class=\"kb-gallery-figure kadence-blocks-gallery-item-hide-caption\"><div class=\"kb-gal-image-radius\" style=\"max-width:599px;\"><div class=\"kb-gallery-image-contain kadence-blocks-gallery-intrinsic\" style=\"padding-bottom:133%;\"><img decoding=\"async\" src=\"https:\/\/stocklots.tv\/wp-content\/uploads\/2024\/05\/IMG_20240516_124446232.jpg\" width=\"599\" height=\"800\" alt=\"\" data-full-image=\"https:\/\/stocklots.tv\/wp-content\/uploads\/2024\/05\/IMG_20240516_124446232.jpg\" data-light-image=\"https:\/\/stocklots.tv\/wp-content\/uploads\/2024\/05\/IMG_20240516_124446232.jpg\" data-id=\"13045\" class=\"wp-image-13045\" srcset=\"https:\/\/stocklots.tv\/wp-content\/uploads\/2024\/05\/IMG_20240516_124446232.jpg 599w, https:\/\/stocklots.tv\/wp-content\/uploads\/2024\/05\/IMG_20240516_124446232-225x300.jpg 225w\" sizes=\"(max-width: 599px) 100vw, 599px\" \/><\/div><\/div><\/figure><\/div><\/li><li class=\"kadence-blocks-gallery-item\" tabindex=\"0\"><div class=\"kadence-blocks-gallery-item-inner\"><figure class=\"kb-gallery-figure kadence-blocks-gallery-item-hide-caption\"><div class=\"kb-gal-image-radius\" style=\"max-width:560px;\"><div class=\"kb-gallery-image-contain kadence-blocks-gallery-intrinsic\" style=\"padding-bottom:133%;\"><img decoding=\"async\" src=\"https:\/\/stocklots.tv\/wp-content\/uploads\/2024\/05\/slonacznanadzieja.jpg\" width=\"560\" height=\"745\" alt=\"slonacznanadzieja\" data-full-image=\"https:\/\/stocklots.tv\/wp-content\/uploads\/2024\/05\/slonacznanadzieja.jpg\" data-light-image=\"https:\/\/stocklots.tv\/wp-content\/uploads\/2024\/05\/slonacznanadzieja.jpg\" data-id=\"13176\" class=\"wp-image-13176\" srcset=\"https:\/\/stocklots.tv\/wp-content\/uploads\/2024\/05\/slonacznanadzieja.jpg 560w, https:\/\/stocklots.tv\/wp-content\/uploads\/2024\/05\/slonacznanadzieja-226x300.jpg 226w\" sizes=\"(max-width: 560px) 100vw, 560px\" \/><\/div><\/div><\/figure><\/div><\/li><li class=\"kadence-blocks-gallery-item\" tabindex=\"0\"><div class=\"kadence-blocks-gallery-item-inner\"><figure class=\"kb-gallery-figure kadence-blocks-gallery-item-hide-caption\"><div class=\"kb-gal-image-radius\" style=\"max-width:669px;\"><div class=\"kb-gallery-image-contain kadence-blocks-gallery-intrinsic\" style=\"padding-bottom:134%;\"><img decoding=\"async\" src=\"https:\/\/stocklots.tv\/wp-content\/uploads\/2024\/05\/IMG_20240516_124543126.jpg\" width=\"669\" height=\"900\" alt=\"pomagamy\" data-full-image=\"https:\/\/stocklots.tv\/wp-content\/uploads\/2024\/05\/IMG_20240516_124543126.jpg\" data-light-image=\"https:\/\/stocklots.tv\/wp-content\/uploads\/2024\/05\/IMG_20240516_124543126.jpg\" data-id=\"13054\" class=\"wp-image-13054\" srcset=\"https:\/\/stocklots.tv\/wp-content\/uploads\/2024\/05\/IMG_20240516_124543126.jpg 669w, https:\/\/stocklots.tv\/wp-content\/uploads\/2024\/05\/IMG_20240516_124543126-223x300.jpg 223w\" sizes=\"(max-width: 669px) 100vw, 669px\" \/><\/div><\/div><\/figure><\/div><\/li><li class=\"kadence-blocks-gallery-item\" tabindex=\"0\"><div class=\"kadence-blocks-gallery-item-inner\"><figure class=\"kb-gallery-figure kadence-blocks-gallery-item-hide-caption\"><div class=\"kb-gal-image-radius\" style=\"max-width:599px;\"><div class=\"kb-gallery-image-contain kadence-blocks-gallery-intrinsic\" style=\"padding-bottom:75%;\"><img decoding=\"async\" src=\"https:\/\/stocklots.tv\/wp-content\/uploads\/2024\/05\/IMG_20240516_124417496-e1715939783691.jpg\" width=\"599\" height=\"453\" alt=\"\" data-full-image=\"https:\/\/stocklots.tv\/wp-content\/uploads\/2024\/05\/IMG_20240516_124417496-e1715939783691.jpg\" data-light-image=\"https:\/\/stocklots.tv\/wp-content\/uploads\/2024\/05\/IMG_20240516_124417496-e1715939783691.jpg\" data-id=\"13086\" class=\"wp-image-13086\" srcset=\"https:\/\/stocklots.tv\/wp-content\/uploads\/2024\/05\/IMG_20240516_124417496-e1715939783691.jpg 599w, https:\/\/stocklots.tv\/wp-content\/uploads\/2024\/05\/IMG_20240516_124417496-e1715939783691-300x227.jpg 300w\" sizes=\"(max-width: 599px) 100vw, 599px\" \/><\/div><\/div><\/figure><\/div><\/li><\/ul><\/div>\n\n\n<div style=\"height:56px\" aria-hidden=\"true\" class=\"wp-block-spacer\"><\/div>\n\n\n\n<p class=\"has-text-align-center has-large-font-size\"><strong>Cooperation with STOCKLOTS<\/strong><\/p>\n\n\n\n<p>We encourage other organisations and companies to help. Often it is only a fraction of the resources that can make a big difference to those who may need it.<\/p>\n\n\n\n<p class=\"has-text-align-center has-large-font-size\"><strong>Together we can do more!<\/strong><\/p>\n\n\n<style>.kb-row-layout-id13056_d885b7-03 > .kt-row-column-wrap{align-content:start;}:where(.kb-row-layout-id13056_d885b7-03 > .kt-row-column-wrap) > .wp-block-kadence-column{justify-content:start;}.kb-row-layout-id13056_d885b7-03 > .kt-row-column-wrap{column-gap:var(--global-kb-gap-md, 2rem);row-gap:var(--global-kb-gap-md, 2rem);max-width:1200px;margin-left:auto;margin-right:auto;padding-top:79px;padding-right:25px;padding-bottom:35px;padding-left:25px;grid-template-columns:minmax(0, 1fr);}.kb-row-layout-id13056_d885b7-03 > .kt-row-layout-overlay{opacity:1;background:linear-gradient(130deg, var(--global-palette1) 0%, var(--global-palette2) 100%);}.kb-row-layout-id13056_d885b7-03 ,.kb-row-layout-id13056_d885b7-03 h1,.kb-row-layout-id13056_d885b7-03 h2,.kb-row-layout-id13056_d885b7-03 h3,.kb-row-layout-id13056_d885b7-03 h4,.kb-row-layout-id13056_d885b7-03 h5,.kb-row-layout-id13056_d885b7-03 h6{color:#ffffff;}.kb-row-layout-id13056_d885b7-03 .kt-row-layout-bottom-sep{height:100px;}.kb-row-layout-id13056_d885b7-03 .kt-row-layout-bottom-sep svg{width:100%;}.kb-row-layout-id13056_d885b7-03 .kt-row-layout-bottom-sep svg{fill:var(--global-palette9, #ffffff)!important;}.kb-row-layout-id13056_d885b7-03 .kt-row-layout-top-sep{height:100px;}.kb-row-layout-id13056_d885b7-03 .kt-row-layout-top-sep svg{width:100%;}.kb-row-layout-id13056_d885b7-03 .kt-row-layout-top-sep svg{fill:var(--global-palette9, #ffffff)!important;}@media all and (max-width: 1024px){.kb-row-layout-id13056_d885b7-03 > .kt-row-column-wrap{grid-template-columns:minmax(0, 1fr);}}@media all and (max-width: 1024px){.kb-row-layout-id13056_d885b7-03 .kt-row-layout-bottom-sep{height:px;}}@media all and (max-width: 1024px){.kb-row-layout-id13056_d885b7-03 .kt-row-layout-bottom-sep svg{width:%;}}@media all and (max-width: 767px){.kb-row-layout-id13056_d885b7-03 > .kt-row-column-wrap{grid-template-columns:minmax(0, 1fr);}.kb-row-layout-id13056_d885b7-03 .kt-row-layout-bottom-sep{height:px;}.kb-row-layout-id13056_d885b7-03 .kt-row-layout-bottom-sep svg{width:%;}}<\/style><div class=\"kb-row-layout-wrap kb-row-layout-id13056_d885b7-03 alignfull has-theme-palette1-background-color kt-row-has-bg wp-block-kadence-rowlayout\"><div class=\"kt-row-layout-overlay kt-row-overlay-gradient\"><\/div><div class=\"kt-row-layout-top-sep kt-row-sep-type-sltl\"><svg viewBox=\"0 0 1000 100\" preserveAspectRatio=\"none\"><path d=\"M1000,0l-1000,100l1000,0l0,-100Z\" \/><\/svg><\/div><div class=\"kt-row-column-wrap kt-has-1-columns kt-row-layout-equal kt-tab-layout-inherit kt-mobile-layout-row kt-row-valign-top\">\n<style>.kadence-column13056_168ece-9c > .kt-inside-inner-col,.kadence-column13056_168ece-9c > .kt-inside-inner-col:before{border-top-left-radius:0px;border-top-right-radius:0px;border-bottom-right-radius:0px;border-bottom-left-radius:0px;}.kadence-column13056_168ece-9c > .kt-inside-inner-col{column-gap:var(--global-kb-gap-sm, 1rem);}.kadence-column13056_168ece-9c > .kt-inside-inner-col{flex-direction:column;}.kadence-column13056_168ece-9c > .kt-inside-inner-col > .aligncenter{width:100%;}.kadence-column13056_168ece-9c > .kt-inside-inner-col:before{opacity:0.3;}.kadence-column13056_168ece-9c{position:relative;}@media all and (max-width: 1024px){.kadence-column13056_168ece-9c > .kt-inside-inner-col{flex-direction:column;justify-content:center;}}@media all and (max-width: 767px){.kadence-column13056_168ece-9c > .kt-inside-inner-col{flex-direction:column;justify-content:center;}}<\/style>\n<div class=\"wp-block-kadence-column kadence-column13056_168ece-9c inner-column-1\"><div class=\"kt-inside-inner-col\"><\/div><\/div>\n\n<\/div><\/div>","protected":false},"excerpt":{"rendered":"<p>We combine business with a social mission &#8211; we help because we can At STOCKLOTS, we believe that every company, regardless of its size, has the power to make a positive difference. That is why we have been actively supporting various foundations, charities and educational institutions, both locally and internationally, for years. Our outreach extends&#8230;<\/p>\n","protected":false},"author":1,"featured_media":13062,"parent":0,"menu_order":0,"comment_status":"closed","ping_status":"closed","template":"","meta":{"content-type":"","_mo_disable_npp":"","_themeisle_gutenberg_block_has_review":false,"_kadence_starter_templates_imported_post":false,"_kad_post_transparent":"","_kad_post_title":"","_kad_post_layout":"","_kad_post_sidebar_id":"","_kad_post_content_style":"","_kad_post_vertical_padding":"","_kad_post_feature":"","_kad_post_feature_position":"","_kad_post_header":false,"_kad_post_footer":false,"_kad_post_classname":"","footnotes":""},"class_list":["post-13056","page","type-page","status-publish","has-post-thumbnail","hentry"],"_links":{"self":[{"href":"https:\/\/stocklots.tv\/en\/wp-json\/wp\/v2\/pages\/13056","targetHints":{"allow":["GET"]}}],"collection":[{"href":"https:\/\/stocklots.tv\/en\/wp-json\/wp\/v2\/pages"}],"about":[{"href":"https:\/\/stocklots.tv\/en\/wp-json\/wp\/v2\/types\/page"}],"author":[{"embeddable":true,"href":"https:\/\/stocklots.tv\/en\/wp-json\/wp\/v2\/users\/1"}],"replies":[{"embeddable":true,"href":"https:\/\/stocklots.tv\/en\/wp-json\/wp\/v2\/comments?post=13056"}],"version-history":[{"count":0,"href":"https:\/\/stocklots.tv\/en\/wp-json\/wp\/v2\/pages\/13056\/revisions"}],"wp:featuredmedia":[{"embeddable":true,"href":"https:\/\/stocklots.tv\/en\/wp-json\/wp\/v2\/media\/13062"}],"wp:attachment":[{"href":"https:\/\/stocklots.tv\/en\/wp-json\/wp\/v2\/media?parent=13056"}],"curies":[{"name":"wp","href":"https:\/\/api.w.org\/{rel}","templated":true}]}}